{"id":530,"date":"2020-04-06T13:23:08","date_gmt":"2020-04-06T13:23:08","guid":{"rendered":"https:\/\/www.teca.nl\/nieuws\/"},"modified":"2024-10-31T14:23:48","modified_gmt":"2024-10-31T13:23:48","slug":"nieuws","status":"publish","type":"page","link":"https:\/\/www.teca.nl\/de\/nieuws\/","title":{"rendered":"Nachrichten"},"content":{"rendered":"<p><strong><a href=\"https:\/\/www.teca.nl\/de\/fortschritt-mit-teca\/\">Die Kunst der Logistik: Fortschritt mit TECA<\/a><\/strong><\/p>\n<p><img loading=\"lazy\" decoding=\"async\" src=\"https:\/\/www.teca.nl\/wp-content\/uploads\/2024\/10\/Image-31-10-2024-at-11.53\u202fAM-300x167.jpeg\" alt=\"De Kunst van Logistiek: Vooruitgang Met TECA - Teca Logistics\" width=\"300\" height=\"167\" class=\"alignnone size-medium wp-image-1063\" srcset=\"https:\/\/www.teca.nl\/wp-content\/uploads\/2024\/10\/Image-31-10-2024-at-11.53\u202fAM-300x167.jpeg 300w, https:\/\/www.teca.nl\/wp-content\/uploads\/2024\/10\/Image-31-10-2024-at-11.53\u202fAM-1024x571.jpeg 1024w, https:\/\/www.teca.nl\/wp-content\/uploads\/2024\/10\/Image-31-10-2024-at-11.53\u202fAM-768x428.jpeg 768w, https:\/\/www.teca.nl\/wp-content\/uploads\/2024\/10\/Image-31-10-2024-at-11.53\u202fAM-1080x603.jpeg 1080w, https:\/\/www.teca.nl\/wp-content\/uploads\/2024\/10\/Image-31-10-2024-at-11.53\u202fAM-1280x714.jpeg 1280w, https:\/\/www.teca.nl\/wp-content\/uploads\/2024\/10\/Image-31-10-2024-at-11.53\u202fAM-980x547.jpeg 980w, https:\/\/www.teca.nl\/wp-content\/uploads\/2024\/10\/Image-31-10-2024-at-11.53\u202fAM-480x268.jpeg 480w, https:\/\/www.teca.nl\/wp-content\/uploads\/2024\/10\/Image-31-10-2024-at-11.53\u202fAM.jpeg 1330w\" sizes=\"(max-width: 300px) 100vw, 300px\" \/><br \/>\nEntdecken Sie die Kunst der Logistik bei TECA, wo wir Logistik und Transport als die treibende Kraft des globalen Fortschritts betrachten. Mit einem Fokus auf Genauigkeit und moderne Technologien sorgen wir f\u00fcr effiziente Sendungen und starke Kooperationen.<\/p>\n","protected":false},"excerpt":{"rendered":"<p>Die Kunst der Logistik: Fortschritt mit TECA Entdecken Sie die Kunst der Logistik bei TECA, wo wir Logistik und Transport als die treibende Kraft des globalen Fortschritts betrachten. Mit einem Fokus auf Genauigkeit und moderne Technologien sorgen wir f\u00fcr effiziente Sendungen und starke Kooperationen.<\/p>\n","protected":false},"author":1,"featured_media":0,"parent":0,"menu_order":0,"comment_status":"closed","ping_status":"closed","template":"","meta":{"_et_pb_use_builder":"on","_et_pb_old_content":"","_et_gb_content_width":"","footnotes":""},"class_list":["post-530","page","type-page","status-publish","hentry"],"yoast_head":"<!-- This site is optimized with the Yoast SEO plugin v27.6 - https:\/\/yoast.com\/product\/yoast-seo-wordpress\/ -->\n<title>Nachrichten - Teca<\/title>\n<meta name=\"description\" content=\"Die neuesten Nachrichten aus der Logistikbranche | L\u00f6sungen f\u00fcr Frachtmanagement, Lieferkette und Versand | Teca, Spezialist f\u00fcr ma\u00dfgeschneiderte Logistik\" \/>\n<meta name=\"robots\" content=\"index, follow, max-snippet:-1, max-image-preview:large, max-video-preview:-1\" \/>\n<link rel=\"canonical\" href=\"https:\/\/www.teca.nl\/de\/nieuws\/\" \/>\n<meta property=\"og:locale\" content=\"de_DE\" \/>\n<meta property=\"og:type\" content=\"article\" \/>\n<meta property=\"og:title\" content=\"Nachrichten - Teca\" \/>\n<meta property=\"og:description\" content=\"Die neuesten Nachrichten aus der Logistikbranche | L\u00f6sungen f\u00fcr Frachtmanagement, Lieferkette und Versand | Teca, Spezialist f\u00fcr ma\u00dfgeschneiderte Logistik\" \/>\n<meta property=\"og:url\" content=\"https:\/\/www.teca.nl\/de\/nieuws\/\" \/>\n<meta property=\"og:site_name\" content=\"Teca\" \/>\n<meta property=\"article:modified_time\" content=\"2024-10-31T13:23:48+00:00\" \/>\n<meta name=\"twitter:card\" content=\"summary_large_image\" \/>\n<script type=\"application\/ld+json\" class=\"yoast-schema-graph\">{\"@context\":\"https:\\\/\\\/schema.org\",\"@graph\":[{\"@type\":\"WebPage\",\"@id\":\"https:\\\/\\\/www.teca.nl\\\/de\\\/nieuws\\\/\",\"url\":\"https:\\\/\\\/www.teca.nl\\\/de\\\/nieuws\\\/\",\"name\":\"Nachrichten - Teca\",\"isPartOf\":{\"@id\":\"https:\\\/\\\/www.teca.nl\\\/de\\\/#website\"},\"datePublished\":\"2020-04-06T13:23:08+00:00\",\"dateModified\":\"2024-10-31T13:23:48+00:00\",\"description\":\"Die neuesten Nachrichten aus der Logistikbranche | L\u00f6sungen f\u00fcr Frachtmanagement, Lieferkette und Versand | Teca, Spezialist f\u00fcr ma\u00dfgeschneiderte Logistik\",\"breadcrumb\":{\"@id\":\"https:\\\/\\\/www.teca.nl\\\/de\\\/nieuws\\\/#breadcrumb\"},\"inLanguage\":\"de\",\"potentialAction\":[{\"@type\":\"ReadAction\",\"target\":[\"https:\\\/\\\/www.teca.nl\\\/de\\\/nieuws\\\/\"]}]},{\"@type\":\"BreadcrumbList\",\"@id\":\"https:\\\/\\\/www.teca.nl\\\/de\\\/nieuws\\\/#breadcrumb\",\"itemListElement\":[{\"@type\":\"ListItem\",\"position\":1,\"name\":\"Home\",\"item\":\"https:\\\/\\\/www.teca.nl\\\/de\\\/\"},{\"@type\":\"ListItem\",\"position\":2,\"name\":\"Nachrichten\"}]},{\"@type\":\"WebSite\",\"@id\":\"https:\\\/\\\/www.teca.nl\\\/de\\\/#website\",\"url\":\"https:\\\/\\\/www.teca.nl\\\/de\\\/\",\"name\":\"Teca\",\"description\":\"Uw partner in logistiek\",\"potentialAction\":[{\"@type\":\"SearchAction\",\"target\":{\"@type\":\"EntryPoint\",\"urlTemplate\":\"https:\\\/\\\/www.teca.nl\\\/de\\\/?s={search_term_string}\"},\"query-input\":{\"@type\":\"PropertyValueSpecification\",\"valueRequired\":true,\"valueName\":\"search_term_string\"}}],\"inLanguage\":\"de\"}]}<\/script>\n<!-- \/ Yoast SEO plugin. -->","yoast_head_json":{"title":"Nachrichten - Teca","description":"Die neuesten Nachrichten aus der Logistikbranche | L\u00f6sungen f\u00fcr Frachtmanagement, Lieferkette und Versand | Teca, Spezialist f\u00fcr ma\u00dfgeschneiderte Logistik","robots":{"index":"index","follow":"follow","max-snippet":"max-snippet:-1","max-image-preview":"max-image-preview:large","max-video-preview":"max-video-preview:-1"},"canonical":"https:\/\/www.teca.nl\/de\/nieuws\/","og_locale":"de_DE","og_type":"article","og_title":"Nachrichten - Teca","og_description":"Die neuesten Nachrichten aus der Logistikbranche | L\u00f6sungen f\u00fcr Frachtmanagement, Lieferkette und Versand | Teca, Spezialist f\u00fcr ma\u00dfgeschneiderte Logistik","og_url":"https:\/\/www.teca.nl\/de\/nieuws\/","og_site_name":"Teca","article_modified_time":"2024-10-31T13:23:48+00:00","twitter_card":"summary_large_image","schema":{"@context":"https:\/\/schema.org","@graph":[{"@type":"WebPage","@id":"https:\/\/www.teca.nl\/de\/nieuws\/","url":"https:\/\/www.teca.nl\/de\/nieuws\/","name":"Nachrichten - Teca","isPartOf":{"@id":"https:\/\/www.teca.nl\/de\/#website"},"datePublished":"2020-04-06T13:23:08+00:00","dateModified":"2024-10-31T13:23:48+00:00","description":"Die neuesten Nachrichten aus der Logistikbranche | L\u00f6sungen f\u00fcr Frachtmanagement, Lieferkette und Versand | Teca, Spezialist f\u00fcr ma\u00dfgeschneiderte Logistik","breadcrumb":{"@id":"https:\/\/www.teca.nl\/de\/nieuws\/#breadcrumb"},"inLanguage":"de","potentialAction":[{"@type":"ReadAction","target":["https:\/\/www.teca.nl\/de\/nieuws\/"]}]},{"@type":"BreadcrumbList","@id":"https:\/\/www.teca.nl\/de\/nieuws\/#breadcrumb","itemListElement":[{"@type":"ListItem","position":1,"name":"Home","item":"https:\/\/www.teca.nl\/de\/"},{"@type":"ListItem","position":2,"name":"Nachrichten"}]},{"@type":"WebSite","@id":"https:\/\/www.teca.nl\/de\/#website","url":"https:\/\/www.teca.nl\/de\/","name":"Teca","description":"Uw partner in logistiek","potentialAction":[{"@type":"SearchAction","target":{"@type":"EntryPoint","urlTemplate":"https:\/\/www.teca.nl\/de\/?s={search_term_string}"},"query-input":{"@type":"PropertyValueSpecification","valueRequired":true,"valueName":"search_term_string"}}],"inLanguage":"de"}]}},"_links":{"self":[{"href":"https:\/\/www.teca.nl\/de\/wp-json\/wp\/v2\/pages\/530","targetHints":{"allow":["GET"]}}],"collection":[{"href":"https:\/\/www.teca.nl\/de\/wp-json\/wp\/v2\/pages"}],"about":[{"href":"https:\/\/www.teca.nl\/de\/wp-json\/wp\/v2\/types\/page"}],"author":[{"embeddable":true,"href":"https:\/\/www.teca.nl\/de\/wp-json\/wp\/v2\/users\/1"}],"replies":[{"embeddable":true,"href":"https:\/\/www.teca.nl\/de\/wp-json\/wp\/v2\/comments?post=530"}],"version-history":[{"count":5,"href":"https:\/\/www.teca.nl\/de\/wp-json\/wp\/v2\/pages\/530\/revisions"}],"predecessor-version":[{"id":1103,"href":"https:\/\/www.teca.nl\/de\/wp-json\/wp\/v2\/pages\/530\/revisions\/1103"}],"wp:attachment":[{"href":"https:\/\/www.teca.nl\/de\/wp-json\/wp\/v2\/media?parent=530"}],"curies":[{"name":"wp","href":"https:\/\/api.w.org\/{rel}","templated":true}]}}