{"id":588,"date":"2019-11-25T13:28:20","date_gmt":"2019-11-25T13:28:20","guid":{"rendered":"https:\/\/www.teca.nl\/privacyverklaring\/"},"modified":"2020-04-30T11:44:18","modified_gmt":"2020-04-30T09:44:18","slug":"privacyverklaring","status":"publish","type":"page","link":"https:\/\/www.teca.nl\/de\/privacyverklaring\/","title":{"rendered":"Datenschutzerkl\u00e4rung"},"content":{"rendered":"TECA, am Wattweg 5-5a gelegen\r\n4631 SM Hoogerheide ist f\u00fcr die Verarbeitung personenbezogener Daten gem\u00e4\u00df dieser Datenschutzerkl\u00e4rung verantwortlich.\r\n\r\nKontaktdaten:\r\n<blockquote class=\"wp-embedded-content\" data-secret=\"KxDrCBwiuR\"><a href=\"https:\/\/www.teca.nl\/de\/\">Home<\/a><\/blockquote><iframe loading=\"lazy\" title=\"&#8222;Home&#8220; &#8212; Teca\" class=\"wp-embedded-content\" sandbox=\"allow-scripts\" security=\"restricted\" style=\"position: absolute; clip: rect(1px, 1px, 1px, 1px);\" src=\"https:\/\/www.teca.nl\/de\/embed\/#?secret=KxDrCBwiuR\" data-secret=\"KxDrCBwiuR\" width=\"600\" height=\"338\" frameborder=\"0\" marginwidth=\"0\" marginheight=\"0\" scrolling=\"no\"><\/iframe>\r\nWattweg 5-5a\r\n4631 SM Hoogerheide\r\n0164 616 417\r\n\r\n<strong>Personenbezogene Daten, die wir verarbeiten<\/strong>\r\nTECA verarbeitet Ihre personenbezogenen Daten, weil Sie unsere Dienste nutzen und \/ oder weil Sie uns diese Daten selbst zur Verf\u00fcgung stellen.\r\n\r\nNachfolgend finden Sie eine \u00dcbersicht \u00fcber die von uns verarbeiteten personenbezogenen Daten:\r\n&#8211; Vor- und Nachname\r\n&#8211; Telefonnummer\r\n&#8211; E-Mail-Adresse\r\n\r\n<strong>Spezielle und \/ oder sensible personenbezogene Daten, die wir verarbeiten<\/strong>\r\nUnsere Website und \/ oder unser Service beabsichtigen nicht, Daten \u00fcber Website-Besucher unter 16 Jahren zu sammeln. Es sei denn, sie haben die Erlaubnis der Eltern oder Erziehungsberechtigten. Wir k\u00f6nnen jedoch nicht \u00fcberpr\u00fcfen, ob ein Besucher \u00e4lter als 16 Jahre ist. Wir empfehlen daher, dass Eltern an den Online-Aktivit\u00e4ten ihrer Kinder beteiligt sind, um zu verhindern, dass Daten \u00fcber Kinder ohne Zustimmung der Eltern gesammelt werden. Wenn Sie davon \u00fcberzeugt sind, dass wir ohne diese Erlaubnis personenbezogene Daten \u00fcber Minderj\u00e4hrige gesammelt haben, kontaktieren Sie uns bitte \u00fcber info@teca.nl und wir werden diese Daten l\u00f6schen.\r\n\r\n<strong>Zu welchem \u200b\u200bZweck und auf welcher Grundlage verarbeiten wir personenbezogene Daten<\/strong>\r\nTECA verarbeitet Ihre pers\u00f6nlichen Daten zu folgenden Zwecken:\r\n&#8211; Versand unseres Newsletters und \/ oder unserer Werbebrosch\u00fcre\r\n&#8211; Um Sie bei Bedarf anzurufen oder per E-Mail zu kontaktieren, um unsere Dienstleistungen zu erbringen\r\n&#8211; TECA analysiert Ihr Verhalten auf der Website, um die Website zu verbessern und die Produkt- und Dienstleistungspalette an Ihre Vorlieben anzupassen.\r\n\r\n<strong>Automatisierte Entscheidungsfindung<\/strong>\r\nTECA trifft keine Entscheidungen auf der Grundlage einer automatisierten Verarbeitung von Angelegenheiten, die (erhebliche) Konsequenzen f\u00fcr Menschen haben k\u00f6nnen. Dies sind Entscheidungen, die von Computerprogrammen oder -systemen getroffen werden, ohne dass eine Person (z. B. ein Mitarbeiter von TECA) beteiligt ist.\r\n\r\n<strong>Wie lange speichern wir personenbezogene Daten?<\/strong>\r\nTECA speichert Ihre pers\u00f6nlichen Daten nicht l\u00e4nger als unbedingt erforderlich, um die Ziele zu erreichen, f\u00fcr die Ihre Daten erfasst werden. Wir verwenden die folgenden Aufbewahrungsfristen f\u00fcr die folgenden (Kategorien) personenbezogener Daten:\r\n\r\nTelefonnummer und E-Mail-Adresse&gt; 1 Jahr&gt; Kontaktieren Sie uns\r\n\r\n<strong>Weitergabe personenbezogener Daten an Dritte<\/strong>\r\nTECA bietet nur an Dritte und nur dann, wenn dies zur Ausf\u00fchrung unserer Vereinbarung mit Ihnen oder zur Einhaltung einer gesetzlichen Verpflichtung erforderlich ist.\r\n\r\n<strong>Cookies oder vergleichbare Techniken, die wir verwenden<\/strong>\r\nTECA verwendet funktionale, analytische und Tracking-Cookies. Ein Cookie ist eine kleine Textdatei, die beim ersten Besuch dieser Website im Browser Ihres Computers, Tablets oder Smartphones gespeichert wird. TECA verwendet Cookies mit rein technischer Funktionalit\u00e4t. Diese stellen sicher, dass die Website ordnungsgem\u00e4\u00df funktioniert und dass beispielsweise Ihre bevorzugten Einstellungen gespeichert werden. Diese Cookies werden auch verwendet, um die Website ordnungsgem\u00e4\u00df zu betreiben und zu optimieren. Dar\u00fcber hinaus platzieren wir Cookies, die Ihr Surfverhalten verfolgen, damit wir ma\u00dfgeschneiderte Inhalte und Werbung anbieten k\u00f6nnen.\r\n\r\nBei Ihrem ersten Besuch auf unserer Website haben wir Sie bereits \u00fcber diese Cookies informiert und Sie um Ihre Erlaubnis gebeten, sie zu platzieren.\r\n\r\nSie k\u00f6nnen Cookies deaktivieren, indem Sie Ihren Internetbrowser so einstellen, dass keine Cookies mehr gespeichert werden. Dar\u00fcber hinaus k\u00f6nnen Sie alle zuvor \u00fcber die Einstellungen Ihres Browsers gespeicherten Informationen l\u00f6schen.\r\n\r\n<strong>Anzeigen, Anpassen oder L\u00f6schen von Daten<\/strong>\r\nSie haben das Recht, Ihre pers\u00f6nlichen Daten anzuzeigen, zu korrigieren oder zu l\u00f6schen. Sie haben auch das Recht, Ihre Zustimmung zur Datenverarbeitung zu widerrufen oder der Verarbeitung Ihrer personenbezogenen Daten durch TECA zu widersprechen, und Sie haben das Recht auf Daten\u00fcbertragbarkeit. Dies bedeutet, dass Sie eine Anfrage an uns senden k\u00f6nnen, um die pers\u00f6nlichen Daten, die wir \u00fcber Sie in einer Computerdatei gespeichert haben, an Sie oder eine andere von Ihnen erw\u00e4hnte Organisation zu senden.\r\n\r\nSie k\u00f6nnen einen Antrag auf Zugriff, Korrektur, L\u00f6schung, Daten\u00fcbertragung Ihrer pers\u00f6nlichen Daten oder einen Antrag auf L\u00f6schung Ihrer Einwilligung oder Einspruch gegen die Verarbeitung Ihrer pers\u00f6nlichen Daten an info@teca.nl senden.\r\n\r\nUm sicherzustellen, dass Sie die Zugangsanfrage gestellt haben, bitten wir Sie, eine Kopie Ihrer ID mit der Anfrage zu senden. Machen Sie Ihr Passfoto, MRZ (maschinenlesbare Zone, der Streifen mit den Nummern am unteren Rand des Passes), die Passnummer und die B\u00fcrgerservicenummer (BSN) in dieser Kopie schwarz. Dies dient zum Schutz Ihrer Privatsph\u00e4re. Wir werden Ihre Anfrage so schnell wie m\u00f6glich, jedoch innerhalb von vier Wochen beantworten.\r\n\r\nTECA m\u00f6chte auch darauf hinweisen, dass Sie die M\u00f6glichkeit haben, eine Beschwerde bei der nationalen Aufsichtsbeh\u00f6rde, der niederl\u00e4ndischen Datenschutzbeh\u00f6rde, einzureichen. Sie k\u00f6nnen dies \u00fcber den folgenden Link tun: https:\/\/autoriteitpersoonsgegevens.nl\/nl\/contact-met-de-autoriteit-persoonsgegevens\/tip-ons\r\n\r\n<strong>Wie wir personenbezogene Daten sch\u00fctzen<\/strong>\r\nTECA nimmt den Schutz Ihrer Daten ernst und ergreift geeignete Ma\u00dfnahmen, um Missbrauch, Verlust, unbefugten Zugriff, unerw\u00fcnschte Offenlegung und unbefugte \u00c4nderung zu verhindern. Wenn Sie der Meinung sind, dass Ihre Daten nicht ordnungsgem\u00e4\u00df gesichert sind oder Hinweise auf Missbrauch vorliegen, wenden Sie sich bitte an info@teca.nl\r\n\r\n<!-- \/wp:post-content -->","protected":false},"excerpt":{"rendered":"<p>TECA, am Wattweg 5-5a gelegen 4631 SM Hoogerheide ist f\u00fcr die Verarbeitung personenbezogener Daten gem\u00e4\u00df dieser Datenschutzerkl\u00e4rung verantwortlich. Kontaktdaten: Home Wattweg 5-5a 4631 SM Hoogerheide 0164 616 417 Personenbezogene Daten, die wir verarbeiten TECA verarbeitet Ihre personenbezogenen Daten, weil Sie unsere Dienste nutzen und \/ oder weil Sie uns diese Daten selbst zur Verf\u00fcgung stellen. [&hellip;]<\/p>\n","protected":false},"author":1,"featured_media":0,"parent":0,"menu_order":0,"comment_status":"closed","ping_status":"closed","template":"","meta":{"_et_pb_use_builder":"","_et_pb_old_content":"","_et_gb_content_width":"","footnotes":""},"class_list":["post-588","page","type-page","status-publish","hentry"],"yoast_head":"<!-- This site is optimized with the Yoast SEO plugin v27.6 - https:\/\/yoast.com\/product\/yoast-seo-wordpress\/ -->\n<title>Datenschutzerkl\u00e4rung - TECA<\/title>\n<meta name=\"description\" content=\"Datenschutzerkl\u00e4rung von Teca | L\u00f6sungen f\u00fcr Frachtmanagement, Lieferkette und Versand | Teca, Spezialist f\u00fcr kundenspezifische Logistik\" \/>\n<meta name=\"robots\" content=\"index, follow, max-snippet:-1, max-image-preview:large, max-video-preview:-1\" \/>\n<link rel=\"canonical\" href=\"https:\/\/www.teca.nl\/de\/privacyverklaring\/\" \/>\n<meta property=\"og:locale\" content=\"de_DE\" \/>\n<meta property=\"og:type\" content=\"article\" \/>\n<meta property=\"og:title\" content=\"Datenschutzerkl\u00e4rung - TECA\" \/>\n<meta property=\"og:description\" content=\"Datenschutzerkl\u00e4rung von Teca | L\u00f6sungen f\u00fcr Frachtmanagement, Lieferkette und Versand | Teca, Spezialist f\u00fcr kundenspezifische Logistik\" \/>\n<meta property=\"og:url\" content=\"https:\/\/www.teca.nl\/de\/privacyverklaring\/\" \/>\n<meta property=\"og:site_name\" content=\"Teca\" \/>\n<meta property=\"article:modified_time\" content=\"2020-04-30T09:44:18+00:00\" \/>\n<meta name=\"twitter:card\" content=\"summary_large_image\" \/>\n<meta name=\"twitter:label1\" content=\"Gesch\u00e4tzte Lesezeit\" \/>\n\t<meta name=\"twitter:data1\" content=\"4\u00a0Minuten\" \/>\n<script type=\"application\/ld+json\" class=\"yoast-schema-graph\">{\"@context\":\"https:\\\/\\\/schema.org\",\"@graph\":[{\"@type\":\"WebPage\",\"@id\":\"https:\\\/\\\/www.teca.nl\\\/de\\\/privacyverklaring\\\/\",\"url\":\"https:\\\/\\\/www.teca.nl\\\/de\\\/privacyverklaring\\\/\",\"name\":\"Datenschutzerkl\u00e4rung - TECA\",\"isPartOf\":{\"@id\":\"https:\\\/\\\/www.teca.nl\\\/de\\\/#website\"},\"datePublished\":\"2019-11-25T13:28:20+00:00\",\"dateModified\":\"2020-04-30T09:44:18+00:00\",\"description\":\"Datenschutzerkl\u00e4rung von Teca | L\u00f6sungen f\u00fcr Frachtmanagement, Lieferkette und Versand | Teca, Spezialist f\u00fcr kundenspezifische Logistik\",\"breadcrumb\":{\"@id\":\"https:\\\/\\\/www.teca.nl\\\/de\\\/privacyverklaring\\\/#breadcrumb\"},\"inLanguage\":\"de\",\"potentialAction\":[{\"@type\":\"ReadAction\",\"target\":[\"https:\\\/\\\/www.teca.nl\\\/de\\\/privacyverklaring\\\/\"]}]},{\"@type\":\"BreadcrumbList\",\"@id\":\"https:\\\/\\\/www.teca.nl\\\/de\\\/privacyverklaring\\\/#breadcrumb\",\"itemListElement\":[{\"@type\":\"ListItem\",\"position\":1,\"name\":\"Home\",\"item\":\"https:\\\/\\\/www.teca.nl\\\/de\\\/\"},{\"@type\":\"ListItem\",\"position\":2,\"name\":\"Datenschutzerkl\u00e4rung\"}]},{\"@type\":\"WebSite\",\"@id\":\"https:\\\/\\\/www.teca.nl\\\/de\\\/#website\",\"url\":\"https:\\\/\\\/www.teca.nl\\\/de\\\/\",\"name\":\"Teca\",\"description\":\"Uw partner in logistiek\",\"potentialAction\":[{\"@type\":\"SearchAction\",\"target\":{\"@type\":\"EntryPoint\",\"urlTemplate\":\"https:\\\/\\\/www.teca.nl\\\/de\\\/?s={search_term_string}\"},\"query-input\":{\"@type\":\"PropertyValueSpecification\",\"valueRequired\":true,\"valueName\":\"search_term_string\"}}],\"inLanguage\":\"de\"}]}<\/script>\n<!-- \/ Yoast SEO plugin. -->","yoast_head_json":{"title":"Datenschutzerkl\u00e4rung - TECA","description":"Datenschutzerkl\u00e4rung von Teca | L\u00f6sungen f\u00fcr Frachtmanagement, Lieferkette und Versand | Teca, Spezialist f\u00fcr kundenspezifische Logistik","robots":{"index":"index","follow":"follow","max-snippet":"max-snippet:-1","max-image-preview":"max-image-preview:large","max-video-preview":"max-video-preview:-1"},"canonical":"https:\/\/www.teca.nl\/de\/privacyverklaring\/","og_locale":"de_DE","og_type":"article","og_title":"Datenschutzerkl\u00e4rung - TECA","og_description":"Datenschutzerkl\u00e4rung von Teca | L\u00f6sungen f\u00fcr Frachtmanagement, Lieferkette und Versand | Teca, Spezialist f\u00fcr kundenspezifische Logistik","og_url":"https:\/\/www.teca.nl\/de\/privacyverklaring\/","og_site_name":"Teca","article_modified_time":"2020-04-30T09:44:18+00:00","twitter_card":"summary_large_image","twitter_misc":{"Gesch\u00e4tzte Lesezeit":"4\u00a0Minuten"},"schema":{"@context":"https:\/\/schema.org","@graph":[{"@type":"WebPage","@id":"https:\/\/www.teca.nl\/de\/privacyverklaring\/","url":"https:\/\/www.teca.nl\/de\/privacyverklaring\/","name":"Datenschutzerkl\u00e4rung - TECA","isPartOf":{"@id":"https:\/\/www.teca.nl\/de\/#website"},"datePublished":"2019-11-25T13:28:20+00:00","dateModified":"2020-04-30T09:44:18+00:00","description":"Datenschutzerkl\u00e4rung von Teca | L\u00f6sungen f\u00fcr Frachtmanagement, Lieferkette und Versand | Teca, Spezialist f\u00fcr kundenspezifische Logistik","breadcrumb":{"@id":"https:\/\/www.teca.nl\/de\/privacyverklaring\/#breadcrumb"},"inLanguage":"de","potentialAction":[{"@type":"ReadAction","target":["https:\/\/www.teca.nl\/de\/privacyverklaring\/"]}]},{"@type":"BreadcrumbList","@id":"https:\/\/www.teca.nl\/de\/privacyverklaring\/#breadcrumb","itemListElement":[{"@type":"ListItem","position":1,"name":"Home","item":"https:\/\/www.teca.nl\/de\/"},{"@type":"ListItem","position":2,"name":"Datenschutzerkl\u00e4rung"}]},{"@type":"WebSite","@id":"https:\/\/www.teca.nl\/de\/#website","url":"https:\/\/www.teca.nl\/de\/","name":"Teca","description":"Uw partner in logistiek","potentialAction":[{"@type":"SearchAction","target":{"@type":"EntryPoint","urlTemplate":"https:\/\/www.teca.nl\/de\/?s={search_term_string}"},"query-input":{"@type":"PropertyValueSpecification","valueRequired":true,"valueName":"search_term_string"}}],"inLanguage":"de"}]}},"_links":{"self":[{"href":"https:\/\/www.teca.nl\/de\/wp-json\/wp\/v2\/pages\/588","targetHints":{"allow":["GET"]}}],"collection":[{"href":"https:\/\/www.teca.nl\/de\/wp-json\/wp\/v2\/pages"}],"about":[{"href":"https:\/\/www.teca.nl\/de\/wp-json\/wp\/v2\/types\/page"}],"author":[{"embeddable":true,"href":"https:\/\/www.teca.nl\/de\/wp-json\/wp\/v2\/users\/1"}],"replies":[{"embeddable":true,"href":"https:\/\/www.teca.nl\/de\/wp-json\/wp\/v2\/comments?post=588"}],"version-history":[{"count":2,"href":"https:\/\/www.teca.nl\/de\/wp-json\/wp\/v2\/pages\/588\/revisions"}],"predecessor-version":[{"id":751,"href":"https:\/\/www.teca.nl\/de\/wp-json\/wp\/v2\/pages\/588\/revisions\/751"}],"wp:attachment":[{"href":"https:\/\/www.teca.nl\/de\/wp-json\/wp\/v2\/media?parent=588"}],"curies":[{"name":"wp","href":"https:\/\/api.w.org\/{rel}","templated":true}]}}